{"id":499,"date":"2020-07-15T11:25:55","date_gmt":"2020-07-15T11:25:55","guid":{"rendered":"http:\/\/themes.themegoods.com\/dotlife_sites\/?page_id=499"},"modified":"2022-01-21T15:26:13","modified_gmt":"2022-01-21T15:26:13","slug":"about","status":"publish","type":"page","link":"https:\/\/4weekstofreedom.com\/fr\/about\/","title":{"rendered":"\u00c0 propos"},"content":{"rendered":"<div data-elementor-type=\"wp-page\" data-elementor-id=\"499\" class=\"elementor elementor-499\" data-elementor-settings=\"[]\">\n\t\t\t\t\t\t\t<div class=\"elementor-section-wrap\">\n\t\t\t\t\t\t\t<section class=\"elementor-section elementor-top-section elementor-element elementor-element-48bb1ed elementor-section-stretched elementor-section-height-min-height elementor-section-boxed elementor-section-height-default elementor-section-items-middle\" data-id=\"48bb1ed\" data-element_type=\"section\" data-settings=\"{&quot;stretch_section&quot;:&quot;section-stretched&quot;,&quot;background_background&quot;:&quot;classic&quot;,&quot;dotlife_ext_is_background_parallax&quot;:&quot;true&quot;,&quot;dotlife_ext_is_background_parallax_speed&quot;:{&quot;unit&quot;:&quot;px&quot;,&quot;size&quot;:0.80000000000000004,&quot;sizes&quot;:[]}}\">\n\t\t\t\t\t\t\t<div class=\"elementor-background-overlay\"><\/div>\n\t\t\t\t\t\t\t<div class=\"elementor-container elementor-column-gap-default\">\n\t\t\t\t\t<div class=\"elementor-column elementor-col-100 elementor-top-column elementor-element elementor-element-f77d9e0\" data-id=\"f77d9e0\" data-element_type=\"column\" data-settings=\"{&quot;dotlife_ext_link_sidemenu&quot;:&quot;false&quot;,&quot;dotlife_ext_is_scrollme&quot;:&quot;false&quot;,&quot;dotlife_ext_is_smoove&quot;:&quot;false&quot;,&quot;dotlife_ext_is_parallax_mouse&quot;:&quot;false&quot;,&quot;dotlife_ext_is_infinite&quot;:&quot;false&quot;,&quot;dotlife_ext_is_fadeout_animation&quot;:&quot;false&quot;}\">\n\t\t\t<div class=\"elementor-widget-wrap elementor-element-populated\">\n\t\t\t\t\t\t\t\t<div class=\"elementor-element elementor-element-707e159 kobeldev elementor-widget elementor-widget-dotlife-animated-text\" data-id=\"707e159\" data-element_type=\"widget\" data-settings=\"{&quot;dotlife_ext_link_sidemenu&quot;:&quot;false&quot;,&quot;dotlife_ext_is_scrollme&quot;:&quot;false&quot;,&quot;dotlife_ext_is_smoove&quot;:&quot;false&quot;,&quot;dotlife_ext_is_parallax_mouse&quot;:&quot;false&quot;,&quot;dotlife_ext_is_infinite&quot;:&quot;false&quot;,&quot;dotlife_ext_is_fadeout_animation&quot;:&quot;false&quot;}\" data-widget_type=\"dotlife-animated-text.default\">\n\t\t\t\t<div class=\"elementor-widget-container\">\n\t\t\t<div class=\"themegoods-animated-text text-alignment-left transition-right overflow-visible\" data-delimiter=\"word\" data-transition=\"100\" data-transition-delay=\"0\" data-transition-duration=\"800\">\n\t\t<h2>\n\t\tL\u2019histoire de John\t<\/h2>\n\t<\/div>\t\t<\/div>\n\t\t\t\t<\/div>\n\t\t\t\t<div class=\"elementor-element elementor-element-47ff058 elementor-widget__width-auto elementor-widget elementor-widget-dotlife-animated-headline\" data-id=\"47ff058\" data-element_type=\"widget\" data-settings=\"{&quot;dotlife_ext_is_smoove&quot;:&quot;true&quot;,&quot;dotlife_ext_smoove_disable&quot;:&quot;769&quot;,&quot;dotlife_ext_smoove_duration&quot;:800,&quot;dotlife_ext_smoove_translatex&quot;:{&quot;unit&quot;:&quot;px&quot;,&quot;size&quot;:50,&quot;sizes&quot;:[]},&quot;dotlife_ext_link_sidemenu&quot;:&quot;false&quot;,&quot;dotlife_ext_is_scrollme&quot;:&quot;false&quot;,&quot;dotlife_ext_smoove_scalex&quot;:{&quot;unit&quot;:&quot;px&quot;,&quot;size&quot;:1,&quot;sizes&quot;:[]},&quot;dotlife_ext_smoove_scaley&quot;:{&quot;unit&quot;:&quot;px&quot;,&quot;size&quot;:1,&quot;sizes&quot;:[]},&quot;dotlife_ext_smoove_rotatex&quot;:{&quot;unit&quot;:&quot;px&quot;,&quot;size&quot;:0,&quot;sizes&quot;:[]},&quot;dotlife_ext_smoove_rotatey&quot;:{&quot;unit&quot;:&quot;px&quot;,&quot;size&quot;:0,&quot;sizes&quot;:[]},&quot;dotlife_ext_smoove_rotatez&quot;:{&quot;unit&quot;:&quot;px&quot;,&quot;size&quot;:0,&quot;sizes&quot;:[]},&quot;dotlife_ext_smoove_translatey&quot;:{&quot;unit&quot;:&quot;px&quot;,&quot;size&quot;:0,&quot;sizes&quot;:[]},&quot;dotlife_ext_smoove_translatez&quot;:{&quot;unit&quot;:&quot;px&quot;,&quot;size&quot;:0,&quot;sizes&quot;:[]},&quot;dotlife_ext_smoove_skewx&quot;:{&quot;unit&quot;:&quot;px&quot;,&quot;size&quot;:0,&quot;sizes&quot;:[]},&quot;dotlife_ext_smoove_skewy&quot;:{&quot;unit&quot;:&quot;px&quot;,&quot;size&quot;:0,&quot;sizes&quot;:[]},&quot;dotlife_ext_smoove_perspective&quot;:{&quot;unit&quot;:&quot;px&quot;,&quot;size&quot;:1000,&quot;sizes&quot;:[]},&quot;dotlife_ext_is_parallax_mouse&quot;:&quot;false&quot;,&quot;dotlife_ext_is_infinite&quot;:&quot;false&quot;,&quot;dotlife_ext_is_fadeout_animation&quot;:&quot;false&quot;}\" data-widget_type=\"dotlife-animated-headline.default\">\n\t\t\t\t<div class=\"elementor-widget-container\">\n\t\t\t<div class=\"themegoods-animated-headline text-alignment-left\" data-animation=\"scale\">\n\t<h1 class=\"animated-headline ah-headline\">\n\t\t\t\t<span class=\"ah-words-wrapper\">\n\t\t\t\t<b class=\"is-visible\"><\/b>\n\t\t\t<\/span>\n\t\t\n\t\t<\/h1>\n<\/div>\t\t<\/div>\n\t\t\t\t<\/div>\n\t\t\t\t\t<\/div>\n\t\t<\/div>\n\t\t\t\t\t\t\t<\/div>\n\t\t<\/section>\n\t\t\t\t<section class=\"elementor-section elementor-top-section elementor-element elementor-element-d430da4 elementor-section-boxed elementor-section-height-default elementor-section-height-default\" data-id=\"d430da4\" data-element_type=\"section\" data-settings=\"{&quot;dotlife_ext_is_background_parallax&quot;:&quot;false&quot;}\">\n\t\t\t\t\t\t<div class=\"elementor-container elementor-column-gap-default\">\n\t\t\t\t\t<div class=\"elementor-column elementor-col-100 elementor-top-column elementor-element elementor-element-778fc35\" data-id=\"778fc35\" data-element_type=\"column\" data-settings=\"{&quot;dotlife_ext_link_sidemenu&quot;:&quot;false&quot;,&quot;dotlife_ext_is_scrollme&quot;:&quot;false&quot;,&quot;dotlife_ext_is_smoove&quot;:&quot;false&quot;,&quot;dotlife_ext_is_parallax_mouse&quot;:&quot;false&quot;,&quot;dotlife_ext_is_infinite&quot;:&quot;false&quot;,&quot;dotlife_ext_is_fadeout_animation&quot;:&quot;false&quot;}\">\n\t\t\t<div class=\"elementor-widget-wrap elementor-element-populated\">\n\t\t\t\t\t\t\t\t<div class=\"elementor-element elementor-element-fba211d kobeldev elementor-widget elementor-widget-dotlife-animated-text\" data-id=\"fba211d\" data-element_type=\"widget\" data-settings=\"{&quot;dotlife_ext_link_sidemenu&quot;:&quot;false&quot;,&quot;dotlife_ext_is_scrollme&quot;:&quot;false&quot;,&quot;dotlife_ext_is_smoove&quot;:&quot;false&quot;,&quot;dotlife_ext_is_parallax_mouse&quot;:&quot;false&quot;,&quot;dotlife_ext_is_infinite&quot;:&quot;false&quot;,&quot;dotlife_ext_is_fadeout_animation&quot;:&quot;false&quot;}\" data-widget_type=\"dotlife-animated-text.default\">\n\t\t\t\t<div class=\"elementor-widget-container\">\n\t\t\t<div class=\"themegoods-animated-text text-alignment-center transition-right overflow-visible\" data-delimiter=\"word\" data-transition=\"100\" data-transition-delay=\"0\" data-transition-duration=\"800\">\n\t\t<h1>\n\t\tVous \u00eates un co-cr\u00e9ateur puissant dans votre vie et dans le monde qui vous entoure.\nJe vous le dis, parce que je le sais cela m\u2019est arriv\u00e9 \t<\/h1>\n\t<\/div>\t\t<\/div>\n\t\t\t\t<\/div>\n\t\t\t\t<div class=\"elementor-element elementor-element-7e3735c kobeldev elementor-widget elementor-widget-dotlife-animated-text\" data-id=\"7e3735c\" data-element_type=\"widget\" data-settings=\"{&quot;dotlife_ext_link_sidemenu&quot;:&quot;false&quot;,&quot;dotlife_ext_is_scrollme&quot;:&quot;false&quot;,&quot;dotlife_ext_is_smoove&quot;:&quot;false&quot;,&quot;dotlife_ext_is_parallax_mouse&quot;:&quot;false&quot;,&quot;dotlife_ext_is_infinite&quot;:&quot;false&quot;,&quot;dotlife_ext_is_fadeout_animation&quot;:&quot;false&quot;}\" data-widget_type=\"dotlife-animated-text.default\">\n\t\t\t\t<div class=\"elementor-widget-container\">\n\t\t\t<div class=\"themegoods-animated-text text-alignment-center transition-right overflow-visible\" data-delimiter=\"word\" data-transition=\"100\" data-transition-delay=\"0\" data-transition-duration=\"800\">\n\t\t<h1>\n\t\tL\u2019histoire de John\t<\/h1>\n\t<\/div>\t\t<\/div>\n\t\t\t\t<\/div>\n\t\t\t\t\t<\/div>\n\t\t<\/div>\n\t\t\t\t\t\t\t<\/div>\n\t\t<\/section>\n\t\t\t\t<section class=\"elementor-section elementor-top-section elementor-element elementor-element-eff0cf8 elementor-section-boxed elementor-section-height-default elementor-section-height-default\" data-id=\"eff0cf8\" data-element_type=\"section\" data-settings=\"{&quot;dotlife_ext_is_background_parallax&quot;:&quot;false&quot;}\">\n\t\t\t\t\t\t<div class=\"elementor-container elementor-column-gap-default\">\n\t\t\t\t\t<div class=\"elementor-column elementor-col-100 elementor-top-column elementor-element elementor-element-0320b86\" data-id=\"0320b86\" data-element_type=\"column\" data-settings=\"{&quot;dotlife_ext_link_sidemenu&quot;:&quot;false&quot;,&quot;dotlife_ext_is_scrollme&quot;:&quot;false&quot;,&quot;dotlife_ext_is_smoove&quot;:&quot;false&quot;,&quot;dotlife_ext_is_parallax_mouse&quot;:&quot;false&quot;,&quot;dotlife_ext_is_infinite&quot;:&quot;false&quot;,&quot;dotlife_ext_is_fadeout_animation&quot;:&quot;false&quot;}\">\n\t\t\t<div class=\"elementor-widget-wrap elementor-element-populated\">\n\t\t\t\t\t\t\t\t<div class=\"elementor-element elementor-element-c1d7951 kobeldev black elementor-widget elementor-widget-text-editor\" data-id=\"c1d7951\" data-element_type=\"widget\" data-settings=\"{&quot;dotlife_ext_link_sidemenu&quot;:&quot;false&quot;,&quot;dotlife_ext_is_scrollme&quot;:&quot;false&quot;,&quot;dotlife_ext_is_smoove&quot;:&quot;false&quot;,&quot;dotlife_ext_is_parallax_mouse&quot;:&quot;false&quot;,&quot;dotlife_ext_is_infinite&quot;:&quot;false&quot;,&quot;dotlife_ext_is_fadeout_animation&quot;:&quot;false&quot;}\" data-widget_type=\"text-editor.default\">\n\t\t\t\t<div class=\"elementor-widget-container\">\n\t\t\t\t\t\t\t<p>Au d\u00e9but des ann\u00e9es 60, John Kobel, alors \u00e9tudiant et pensionnaire au Coll\u00e8ge de Stanstead (Qu\u00e9bec) apprend  l\u2019importance d\u2019\u00eatre un libre penseur.  Apr\u00e8s avoir re\u00e7u un BA de l\u2019Universit\u00e9 Concordia et avoir \u00e9t\u00e9 admis \u00e0 la facult\u00e9 de Droit de l\u2019universit\u00e9 McGill, il d\u00e9cide de changer de trajectoire pour se tourner vers le monde de l\u2019Art en cr\u00e9ant des techniques innovatrices pour fins de reproduction d\u2019\u0153uvres d\u2019art et re\u00e7oit en 1986 son premier brevet am\u00e9ricain pour  le proc\u00e9d\u00e9 Collochrome d\u2019o\u00f9 \u00e9mergent les images les plus pr\u00e9cises au monde pendant 22 ans. Suit, en 1996, son invention du proc\u00e9d\u00e9 TriColour qui est officiellement lanc\u00e9e par Fuji \u00e0 Las Vegas, U.S.A. \n\nDurant toutes ces ann\u00e9es, \u00e0 travers ces processus de recherches et d\u2019ing\u00e9nierie, John Kobel d\u00e9veloppe en parall\u00e8le, une expertise dans le domaine de la gestion des pens\u00e9es et fonde en 2003 l\u2019entreprise La libert\u00e9 en 4 semaines inc.\n\u00ab  Nos capacit\u00e9s vont bien au-del\u00e0 de ce que nous pouvons m\u00eame le concevoir \u00bb   John Kobel  enseigne comment cr\u00e9er  immanquablement un environnement plus heureux, plus sain et plus prosp\u00e8re en commen\u00e7ant par soi pour ensuite avoir un r\u00e9el impact dans notre monde.  \n\nLe programme Lib\u00e9rez le pouvoir de votre esprit fait appel \u00e0 notre 6e sens et aux connaissances inn\u00e9es d\u2019o\u00f9 cette impression de grande simplicit\u00e9 et la possibilit\u00e9 d\u2019accueillir une client\u00e8le d\u2019\u00e2ge et de provenance des plus vari\u00e9s. \u00a0\u00a0\u00a0<\/p><p>Durant toutes ces ann\u00e9es, \u00e0 travers ces processus de recherches et d\u2019ing\u00e9nierie, John Kobel d\u00e9veloppe en parall\u00e8le, une expertise dans le domaine de la gestion des pens\u00e9es et fonde en 2003 l\u2019entreprise La libert\u00e9 en 4 semaines inc.\n\u00ab  Nos capacit\u00e9s vont bien au-del\u00e0 de ce que nous pouvons m\u00eame le concevoir \u00bb   John Kobel  enseigne comment cr\u00e9er  immanquablement un environnement plus heureux, plus sain et plus prosp\u00e8re en commen\u00e7ant par soi pour ensuite avoir un r\u00e9el impact dans notre monde.<\/p><p>Le programme Lib\u00e9rez le pouvoir de votre esprit fait appel \u00e0 notre 6e sens et aux connaissances inn\u00e9es d\u2019o\u00f9 cette impression de grande simplicit\u00e9 et la possibilit\u00e9 d\u2019accueillir une client\u00e8le d\u2019\u00e2ge et de provenance des plus vari\u00e9s.<\/p>\t\t\t\t\t\t<\/div>\n\t\t\t\t<\/div>\n\t\t\t\t\t<\/div>\n\t\t<\/div>\n\t\t\t\t\t\t\t<\/div>\n\t\t<\/section>\n\t\t\t\t<section class=\"elementor-section elementor-top-section elementor-element elementor-element-f7eeedb elementor-section-boxed elementor-section-height-default elementor-section-height-default\" data-id=\"f7eeedb\" data-element_type=\"section\" data-settings=\"{&quot;dotlife_ext_is_background_parallax&quot;:&quot;false&quot;}\">\n\t\t\t\t\t\t<div class=\"elementor-container elementor-column-gap-default\">\n\t\t\t\t\t<div class=\"elementor-column elementor-col-100 elementor-top-column elementor-element elementor-element-9bbc2ab\" data-id=\"9bbc2ab\" data-element_type=\"column\" data-settings=\"{&quot;dotlife_ext_link_sidemenu&quot;:&quot;false&quot;,&quot;dotlife_ext_is_scrollme&quot;:&quot;false&quot;,&quot;dotlife_ext_is_smoove&quot;:&quot;false&quot;,&quot;dotlife_ext_is_parallax_mouse&quot;:&quot;false&quot;,&quot;dotlife_ext_is_infinite&quot;:&quot;false&quot;,&quot;dotlife_ext_is_fadeout_animation&quot;:&quot;false&quot;}\">\n\t\t\t<div class=\"elementor-widget-wrap\">\n\t\t\t\t\t\t\t\t\t<\/div>\n\t\t<\/div>\n\t\t\t\t\t\t\t<\/div>\n\t\t<\/section>\n\t\t\t\t<section class=\"elementor-section elementor-top-section elementor-element elementor-element-529c60c elementor-section-boxed elementor-section-height-default elementor-section-height-default\" data-id=\"529c60c\" data-element_type=\"section\" data-settings=\"{&quot;dotlife_ext_is_background_parallax&quot;:&quot;false&quot;}\">\n\t\t\t\t\t\t<div class=\"elementor-container elementor-column-gap-default\">\n\t\t\t\t\t<div class=\"elementor-column elementor-col-100 elementor-top-column elementor-element elementor-element-1f32d94\" data-id=\"1f32d94\" data-element_type=\"column\" data-settings=\"{&quot;dotlife_ext_link_sidemenu&quot;:&quot;false&quot;,&quot;dotlife_ext_is_scrollme&quot;:&quot;false&quot;,&quot;dotlife_ext_is_smoove&quot;:&quot;false&quot;,&quot;dotlife_ext_is_parallax_mouse&quot;:&quot;false&quot;,&quot;dotlife_ext_is_infinite&quot;:&quot;false&quot;,&quot;dotlife_ext_is_fadeout_animation&quot;:&quot;false&quot;}\">\n\t\t\t<div class=\"elementor-widget-wrap\">\n\t\t\t\t\t\t\t\t\t<\/div>\n\t\t<\/div>\n\t\t\t\t\t\t\t<\/div>\n\t\t<\/section>\n\t\t\t\t\t\t<\/div>\n\t\t\t\t\t<\/div>","protected":false},"excerpt":{"rendered":"<p>Hi, I&#8217;m John Kobel and l can help you create a happier, healthier and more abundant life.\u201d You\u2019re not just [&hellip;]<\/p>","protected":false},"author":2,"featured_media":0,"parent":0,"menu_order":0,"comment_status":"closed","ping_status":"closed","template":"","meta":{"footnotes":""},"class_list":["post-499","page","type-page","status-publish","hentry"],"_links":{"self":[{"href":"https:\/\/4weekstofreedom.com\/fr\/wp-json\/wp\/v2\/pages\/499","targetHints":{"allow":["GET"]}}],"collection":[{"href":"https:\/\/4weekstofreedom.com\/fr\/wp-json\/wp\/v2\/pages"}],"about":[{"href":"https:\/\/4weekstofreedom.com\/fr\/wp-json\/wp\/v2\/types\/page"}],"author":[{"embeddable":true,"href":"https:\/\/4weekstofreedom.com\/fr\/wp-json\/wp\/v2\/users\/2"}],"replies":[{"embeddable":true,"href":"https:\/\/4weekstofreedom.com\/fr\/wp-json\/wp\/v2\/comments?post=499"}],"version-history":[{"count":272,"href":"https:\/\/4weekstofreedom.com\/fr\/wp-json\/wp\/v2\/pages\/499\/revisions"}],"predecessor-version":[{"id":3718,"href":"https:\/\/4weekstofreedom.com\/fr\/wp-json\/wp\/v2\/pages\/499\/revisions\/3718"}],"wp:attachment":[{"href":"https:\/\/4weekstofreedom.com\/fr\/wp-json\/wp\/v2\/media?parent=499"}],"curies":[{"name":"wp","href":"https:\/\/api.w.org\/{rel}","templated":true}]}}