{"id":1367,"date":"2021-11-06T10:35:06","date_gmt":"2021-11-06T10:35:06","guid":{"rendered":"https:\/\/4weekstofreedom.com\/?page_id=1367"},"modified":"2022-01-18T22:24:11","modified_gmt":"2022-01-18T22:24:11","slug":"mindset","status":"publish","type":"page","link":"https:\/\/4weekstofreedom.com\/fr\/mindset\/","title":{"rendered":"Croyances"},"content":{"rendered":"<div data-elementor-type=\"wp-page\" data-elementor-id=\"1367\" class=\"elementor elementor-1367\" data-elementor-settings=\"[]\">\n\t\t\t\t\t\t\t<div class=\"elementor-section-wrap\">\n\t\t\t\t\t\t\t<section class=\"elementor-section elementor-top-section elementor-element elementor-element-7461aaa kobeldev elementor-section-boxed elementor-section-height-default elementor-section-height-default\" data-id=\"7461aaa\" data-element_type=\"section\" data-settings=\"{&quot;dotlife_ext_is_background_parallax&quot;:&quot;false&quot;}\">\n\t\t\t\t\t\t<div class=\"elementor-container elementor-column-gap-default\">\n\t\t\t\t\t<div class=\"elementor-column elementor-col-100 elementor-top-column elementor-element elementor-element-79f7902\" data-id=\"79f7902\" data-element_type=\"column\" data-settings=\"{&quot;dotlife_ext_link_sidemenu&quot;:&quot;false&quot;,&quot;dotlife_ext_is_scrollme&quot;:&quot;false&quot;,&quot;dotlife_ext_is_smoove&quot;:&quot;false&quot;,&quot;dotlife_ext_is_parallax_mouse&quot;:&quot;false&quot;,&quot;dotlife_ext_is_infinite&quot;:&quot;false&quot;,&quot;dotlife_ext_is_fadeout_animation&quot;:&quot;false&quot;}\">\n\t\t\t<div class=\"elementor-widget-wrap elementor-element-populated\">\n\t\t\t\t\t\t\t\t<div class=\"elementor-element elementor-element-f267f9e elementor-widget elementor-widget-text-editor\" data-id=\"f267f9e\" data-element_type=\"widget\" data-settings=\"{&quot;dotlife_ext_link_sidemenu&quot;:&quot;false&quot;,&quot;dotlife_ext_is_scrollme&quot;:&quot;false&quot;,&quot;dotlife_ext_is_smoove&quot;:&quot;false&quot;,&quot;dotlife_ext_is_parallax_mouse&quot;:&quot;false&quot;,&quot;dotlife_ext_is_infinite&quot;:&quot;false&quot;,&quot;dotlife_ext_is_fadeout_animation&quot;:&quot;false&quot;}\" data-widget_type=\"text-editor.default\">\n\t\t\t\t<div class=\"elementor-widget-container\">\n\t\t\t\t\t\t\t<h1>Croyances<strong>\u00a0 <\/strong><\/h1>\n<div class=\"single_course_excerpt\">\n\n<p style=\"color:#BA3D0A\">Certaines personnes vivent leur vie sans n\u2019\u00eatre jamais paralys\u00e9es par le doute. La v\u00e9rit\u00e9 est que nous sommes tous n\u00e9s avec des dons extraordinaires, mais nous ne les utilisons que trop rarement. D\u00e9couvrez comment r\u00e9tablir la connexion\n<\/p>\n<\/div>\t\t\t\t\t\t<\/div>\n\t\t\t\t<\/div>\n\t\t\t\t\t<\/div>\n\t\t<\/div>\n\t\t\t\t\t\t\t<\/div>\n\t\t<\/section>\n\t\t\t\t<section class=\"elementor-section elementor-top-section elementor-element elementor-element-a1a1eff elementor-section-height-min-height elementor-section-content-middle elementor-section-stretched imagesiz elementor-section-boxed elementor-section-height-default elementor-section-items-middle\" data-id=\"a1a1eff\" data-element_type=\"section\" data-settings=\"{&quot;stretch_section&quot;:&quot;section-stretched&quot;,&quot;background_background&quot;:&quot;classic&quot;,&quot;dotlife_ext_is_background_parallax&quot;:&quot;false&quot;}\">\n\t\t\t\t\t\t\t<div class=\"elementor-background-overlay\"><\/div>\n\t\t\t\t\t\t\t<div class=\"elementor-container elementor-column-gap-default\">\n\t\t\t\t\t<div class=\"elementor-column elementor-col-100 elementor-top-column elementor-element elementor-element-09c52d5\" data-id=\"09c52d5\" data-element_type=\"column\" data-settings=\"{&quot;dotlife_ext_link_sidemenu&quot;:&quot;false&quot;,&quot;dotlife_ext_is_scrollme&quot;:&quot;false&quot;,&quot;dotlife_ext_is_smoove&quot;:&quot;false&quot;,&quot;dotlife_ext_is_parallax_mouse&quot;:&quot;false&quot;,&quot;dotlife_ext_is_infinite&quot;:&quot;false&quot;,&quot;dotlife_ext_is_fadeout_animation&quot;:&quot;false&quot;}\">\n\t\t\t<div class=\"elementor-widget-wrap elementor-element-populated\">\n\t\t\t\t\t\t\t\t<div class=\"elementor-element elementor-element-16ab51a kobeldev elementor-widget elementor-widget-dotlife-animated-text\" data-id=\"16ab51a\" data-element_type=\"widget\" data-settings=\"{&quot;dotlife_ext_link_sidemenu&quot;:&quot;false&quot;,&quot;dotlife_ext_is_scrollme&quot;:&quot;false&quot;,&quot;dotlife_ext_is_smoove&quot;:&quot;false&quot;,&quot;dotlife_ext_is_parallax_mouse&quot;:&quot;false&quot;,&quot;dotlife_ext_is_infinite&quot;:&quot;false&quot;,&quot;dotlife_ext_is_fadeout_animation&quot;:&quot;false&quot;}\" data-widget_type=\"dotlife-animated-text.default\">\n\t\t\t\t<div class=\"elementor-widget-container\">\n\t\t\t<div class=\"themegoods-animated-text text-alignment-left transition-right overflow-visible\" data-delimiter=\"word\" data-transition=\"100\" data-transition-delay=\"0\" data-transition-duration=\"800\">\n\t\t<h1>\n\t\tChangez vos pens\u00e9es <\/br>Changez votre monde\t<\/h1>\n\t<\/div>\t\t<\/div>\n\t\t\t\t<\/div>\n\t\t\t\t\t<\/div>\n\t\t<\/div>\n\t\t\t\t\t\t\t<\/div>\n\t\t<\/section>\n\t\t\t\t<section class=\"elementor-section elementor-top-section elementor-element elementor-element-338e6ad elementor-section-boxed elementor-section-height-default elementor-section-height-default\" data-id=\"338e6ad\" data-element_type=\"section\" data-settings=\"{&quot;dotlife_ext_is_background_parallax&quot;:&quot;false&quot;}\">\n\t\t\t\t\t\t<div class=\"elementor-container elementor-column-gap-default\">\n\t\t\t\t\t<div class=\"elementor-column elementor-col-100 elementor-top-column elementor-element elementor-element-8191c68\" data-id=\"8191c68\" data-element_type=\"column\" data-settings=\"{&quot;dotlife_ext_link_sidemenu&quot;:&quot;false&quot;,&quot;dotlife_ext_is_scrollme&quot;:&quot;false&quot;,&quot;dotlife_ext_is_smoove&quot;:&quot;false&quot;,&quot;dotlife_ext_is_parallax_mouse&quot;:&quot;false&quot;,&quot;dotlife_ext_is_infinite&quot;:&quot;false&quot;,&quot;dotlife_ext_is_fadeout_animation&quot;:&quot;false&quot;}\">\n\t\t\t<div class=\"elementor-widget-wrap elementor-element-populated\">\n\t\t\t\t\t\t\t\t<div class=\"elementor-element elementor-element-84bd966 elementor-widget elementor-widget-html\" data-id=\"84bd966\" data-element_type=\"widget\" data-settings=\"{&quot;dotlife_ext_link_sidemenu&quot;:&quot;false&quot;,&quot;dotlife_ext_is_scrollme&quot;:&quot;false&quot;,&quot;dotlife_ext_is_smoove&quot;:&quot;false&quot;,&quot;dotlife_ext_is_parallax_mouse&quot;:&quot;false&quot;,&quot;dotlife_ext_is_infinite&quot;:&quot;false&quot;,&quot;dotlife_ext_is_fadeout_animation&quot;:&quot;false&quot;}\" data-widget_type=\"html.default\">\n\t\t\t\t<div class=\"elementor-widget-container\">\n\t\t\t<div id=\"single_course_meta\" class=\"standard_wrapper\">\r\n\t<ul class=\"single_course_meta_data\">\r\n\t\t\t\t<li>\r\n\t\t\t<div class=\"single_course_meta_data_icon\">\r\n\t\t\t\t<span class=\"ti-alarm-clock\"><\/span>\r\n\t\t\t<\/div>\r\n\t\t\t<div class=\"single_course_meta_data_text\">\r\n\t\t\t\t<span class=\"single_course_meta_data_title\">\r\n\t\t\t\t\tDUR\u00c9E\t\t\t\t<\/span>\r\n\t\t\t\t\t\t\t\t<span class=\"single_course_meta_data_content\">\r\n\t\t\t\t\t30 minutes\t\t\t\t<\/span>\r\n\t\t\t<\/div>\r\n\t\t<\/li>\r\n\t\t\t\t\r\n\t\t<li class=\"single_course_meta_data_separator\"><\/li>\r\n\t\t\t\t<li>\r\n\t\t\t<div class=\"single_course_meta_data_icon\">\r\n\t\t\t\t<span class=\"ti-user\"><\/span>\r\n\t\t\t<\/div>\r\n\t\t\t<div class=\"single_course_meta_data_text\">\r\n\t\t\t\t<span class=\"single_course_meta_data_title\">\r\n\t\t\t\t\tRENCONTRE\t\t\t\t<\/span>\r\n\t\t\t\t<span class=\"single_course_meta_data_content\">\r\n\t\t\t\t\tEn ligne \t\t\t\t<\/span>\r\n\t\t\t<\/div>\r\n\t\t<\/li>\r\n\t\t\t\t\r\n\t\t<li class=\"single_course_meta_data_separator\"><\/li>\r\n\t\t\r\n\t\t\t\r\n\t\t\t\t<li class=\"single_course_meta_data_separator\"><\/li>\r\n\t\t\r\n\t\t\t\t<li>\r\n\t\t\t<div class=\"single_course_meta_data_icon\">\r\n\t\t\t\t<span class=\"ti-layout-media-center-alt\"><\/span>\r\n\t\t\t<\/div>\r\n\t\t\t<div class=\"single_course_meta_data_text\">\r\n\t\t\t\t<span class=\"single_course_meta_data_title\">\r\n\t\t\t\t\tVirtual\t\t\t\t<\/span>\r\n\t\t\t\t<span class=\"single_course_meta_data_content\">\r\n\t\t\t\t\t\t\t\t\t\tZoom\t\t\t\t<\/span>\r\n\t\t\t<\/div>\r\n\t\t<\/li>\r\n\t\t\t\t\r\n\t\t<li class=\"single_course_meta_data_separator\"><\/li>\r\n\t<\/ul>\r\n<\/div>\t\t<\/div>\n\t\t\t\t<\/div>\n\t\t\t\t\t<\/div>\n\t\t<\/div>\n\t\t\t\t\t\t\t<\/div>\n\t\t<\/section>\n\t\t\t\t<section class=\"elementor-section elementor-top-section elementor-element elementor-element-55a8a52 kobeldev elementor-section-boxed elementor-section-height-default elementor-section-height-default\" data-id=\"55a8a52\" data-element_type=\"section\" data-settings=\"{&quot;dotlife_ext_is_background_parallax&quot;:&quot;false&quot;}\">\n\t\t\t\t\t\t<div class=\"elementor-container elementor-column-gap-default\">\n\t\t\t\t\t<div class=\"elementor-column elementor-col-100 elementor-top-column elementor-element elementor-element-3f926bc\" data-id=\"3f926bc\" data-element_type=\"column\" data-settings=\"{&quot;dotlife_ext_link_sidemenu&quot;:&quot;false&quot;,&quot;dotlife_ext_is_scrollme&quot;:&quot;false&quot;,&quot;dotlife_ext_is_smoove&quot;:&quot;false&quot;,&quot;dotlife_ext_is_parallax_mouse&quot;:&quot;false&quot;,&quot;dotlife_ext_is_infinite&quot;:&quot;false&quot;,&quot;dotlife_ext_is_fadeout_animation&quot;:&quot;false&quot;}\">\n\t\t\t<div class=\"elementor-widget-wrap elementor-element-populated\">\n\t\t\t\t\t\t\t\t<div class=\"elementor-element elementor-element-5eec466 elementor-tabs-view-horizontal elementor-widget elementor-widget-tabs\" data-id=\"5eec466\" data-element_type=\"widget\" data-settings=\"{&quot;dotlife_ext_link_sidemenu&quot;:&quot;false&quot;,&quot;dotlife_ext_is_scrollme&quot;:&quot;false&quot;,&quot;dotlife_ext_is_smoove&quot;:&quot;false&quot;,&quot;dotlife_ext_is_parallax_mouse&quot;:&quot;false&quot;,&quot;dotlife_ext_is_infinite&quot;:&quot;false&quot;,&quot;dotlife_ext_is_fadeout_animation&quot;:&quot;false&quot;}\" data-widget_type=\"tabs.default\">\n\t\t\t\t<div class=\"elementor-widget-container\">\n\t\t\t\t\t<div class=\"elementor-tabs\">\n\t\t\t<div class=\"elementor-tabs-wrapper\" role=\"tablist\" >\n\t\t\t\t\t\t\t\t\t<div id=\"elementor-tab-title-9951\" class=\"elementor-tab-title elementor-tab-desktop-title\" aria-selected=\"true\" data-tab=\"1\" role=\"tab\" tabindex=\"0\" aria-controls=\"elementor-tab-content-9951\" aria-expanded=\"false\">Aper\u00e7u<\/div>\n\t\t\t\t\t\t\t<\/div>\n\t\t\t<div class=\"elementor-tabs-content-wrapper\" role=\"tablist\" aria-orientation=\"vertical\">\n\t\t\t\t\t\t\t\t\t<div class=\"elementor-tab-title elementor-tab-mobile-title\" aria-selected=\"true\" data-tab=\"1\" role=\"tab\" tabindex=\"0\" aria-controls=\"elementor-tab-content-9951\" aria-expanded=\"false\">Aper\u00e7u<\/div>\n\t\t\t\t\t<div id=\"elementor-tab-content-9951\" class=\"elementor-tab-content elementor-clearfix\" data-tab=\"1\" role=\"tabpanel\" aria-labelledby=\"elementor-tab-title-9951\" tabindex=\"0\" hidden=\"false\"><p><strong>Au cours des 40 derni\u00e8res ann\u00e9es, j'ai vu des gens  r\u00e9ussir d'une fa\u00e7on inimaginable alors qu'une  minorit\u00e9 a \u00e9chou\u00e9 sans raison apparente.  Au  premier abord, toutes ces personnes \u00e9taient semblables et poss\u00e9daient des capacit\u00e9s, surprenantes, avec la m\u00eame passion, la m\u00eame volont\u00e9 et le m\u00eame d\u00e9sir de r\u00e9ussir. Je me suis  demand\u00e9 pourquoi certaines personnes qui travaillaient si fort pour arriver \u00e0 \u00eatre heureuses  n'y parvenaient tout simplement pas.<\/strong><\/p><p><em>Ce qui se passait?<\/em><\/p><p><em>Pourquoi certaines personnes ont-elles travaille si dur pour trouver le bonheur et le succ\u00e8s et ne pas le trouver?<\/em><\/p><p>Mon questionnement m'a amen\u00e9 ver l'\u00e9minent Dr Bruce Lipton, un biologiste cellulaire qui, gr\u00e2ce \u00e0 l'intervention de Rob Williams, un psychologue de renom, a effectu\u00e9 une transformation \u00e9tonnante - Comment a-t-il fait ? \u2013 La r\u00e9ponse est tr\u00e8s int\u00e9ressante \u2013 elle remonte aux 7 premi\u00e8res ann\u00e9es de notre vie et \u00e0 la programmation que nous avons re\u00e7ue. Leurs recherches ont su d\u00e9montrer scientifiquement que les changements de croyances limit\u00e2tes avaient un effet instantan\u00e9 sur le cerveau.\n<br>\nEn exp\u00e9rimentant le processus, j'ai vu des gens faire des changements incroyables - par exemple Une personne n'a jamais r\u00e9ussi en math\u00e9matiques au prochain examen 98% - \n<strong>Int\u00e9ressant !<\/strong><\/p><p>Mais ce n'\u00e9tait que le d\u00e9but \u2013 j'\u00e9tais stup\u00e9fait.<\/p><p>J'ai trouv\u00e9 un moyen unique, simple, rapide, pr\u00e9cis et efficace \u00e0 reprogrammer nos croyances limit\u00e2tes o\u00f9 il faut moins d'une minute pour aligner les deux c\u00f4t\u00e9s (h\u00e9misph\u00e8re gauche et droit) du <em>cerveau, <\/em>et <em>le ramener <\/em>l\u00e0 o\u00f9 <em>il <\/em>\u00e9tait avant vous \u00e9tiez 7 ans. En isoler o\u00f9 la croyance est entrepos\u00e9 nous vous laissant un chemin clair pour changer votre croyance limitant vous-m\u00eame.<\/p><p>Ce qui signifie qu'une personne peut changer une croyance qui lui a \u00e9t\u00e9 impos\u00e9e au cours de ses ann\u00e9es de formation en moins de 30 minutes<\/p><p>Nous obtenons le m\u00eame r\u00e9sultat soit en personne (localement) soit en ligne avec Zoom meeting (International)<\/p><\/div>\n\t\t\t\t\t\t\t<\/div>\n\t\t<\/div>\n\t\t\t\t<\/div>\n\t\t\t\t<\/div>\n\t\t\t\t<div class=\"elementor-element elementor-element-6e2ff0a elementor-align-left elementor-widget elementor-widget-button\" data-id=\"6e2ff0a\" data-element_type=\"widget\" data-settings=\"{&quot;dotlife_ext_link_sidemenu&quot;:&quot;false&quot;,&quot;dotlife_ext_is_scrollme&quot;:&quot;false&quot;,&quot;dotlife_ext_is_smoove&quot;:&quot;false&quot;,&quot;dotlife_ext_is_parallax_mouse&quot;:&quot;false&quot;,&quot;dotlife_ext_is_infinite&quot;:&quot;false&quot;,&quot;dotlife_ext_is_fadeout_animation&quot;:&quot;false&quot;}\" data-widget_type=\"button.default\">\n\t\t\t\t<div class=\"elementor-widget-container\">\n\t\t\t\t\t<div class=\"elementor-button-wrapper\">\n\t\t\t<a href=\"https:\/\/4weekstofreedom.com\/contact\/\" class=\"elementor-button-link elementor-button elementor-size-md\" role=\"button\">\n\t\t\t\t\t\t<span class=\"elementor-button-content-wrapper\">\n\t\t\t\t\t\t<span class=\"elementor-button-icon elementor-align-icon-left\">\n\t\t\t\t<i aria-hidden=\"true\" class=\"far fa-arrow-alt-circle-right\"><\/i>\t\t\t<\/span>\n\t\t\t\t\t\t<span class=\"elementor-button-text\">CHANGEZ VOTRE ATTITUDE AUJOURD\"HUI<\/span>\n\t\t<\/span>\n\t\t\t\t\t<\/a>\n\t\t<\/div>\n\t\t\t\t<\/div>\n\t\t\t\t<\/div>\n\t\t\t\t\t<\/div>\n\t\t<\/div>\n\t\t\t\t\t\t\t<\/div>\n\t\t<\/section>\n\t\t\t\t\t\t<\/div>\n\t\t\t\t\t<\/div>","protected":false},"excerpt":{"rendered":"<p>Mindset\u00a0 Some people seem to sail through life unencumbered by crippling self-doubt. The truth is we\u2019re all born extraordinary gifts, [&hellip;]<\/p>","protected":false},"author":2,"featured_media":0,"parent":0,"menu_order":0,"comment_status":"closed","ping_status":"closed","template":"elementor_header_footer","meta":{"footnotes":""},"class_list":["post-1367","page","type-page","status-publish","hentry"],"_links":{"self":[{"href":"https:\/\/4weekstofreedom.com\/fr\/wp-json\/wp\/v2\/pages\/1367","targetHints":{"allow":["GET"]}}],"collection":[{"href":"https:\/\/4weekstofreedom.com\/fr\/wp-json\/wp\/v2\/pages"}],"about":[{"href":"https:\/\/4weekstofreedom.com\/fr\/wp-json\/wp\/v2\/types\/page"}],"author":[{"embeddable":true,"href":"https:\/\/4weekstofreedom.com\/fr\/wp-json\/wp\/v2\/users\/2"}],"replies":[{"embeddable":true,"href":"https:\/\/4weekstofreedom.com\/fr\/wp-json\/wp\/v2\/comments?post=1367"}],"version-history":[{"count":289,"href":"https:\/\/4weekstofreedom.com\/fr\/wp-json\/wp\/v2\/pages\/1367\/revisions"}],"predecessor-version":[{"id":3088,"href":"https:\/\/4weekstofreedom.com\/fr\/wp-json\/wp\/v2\/pages\/1367\/revisions\/3088"}],"wp:attachment":[{"href":"https:\/\/4weekstofreedom.com\/fr\/wp-json\/wp\/v2\/media?parent=1367"}],"curies":[{"name":"wp","href":"https:\/\/api.w.org\/{rel}","templated":true}]}}