{"id":1295,"date":"2021-11-05T15:03:49","date_gmt":"2021-11-05T15:03:49","guid":{"rendered":"https:\/\/4weekstofreedom.com\/?page_id=1295"},"modified":"2024-09-02T22:12:17","modified_gmt":"2024-09-02T22:12:17","slug":"program","status":"publish","type":"page","link":"https:\/\/4weekstofreedom.com\/fr\/program\/","title":{"rendered":"Formation"},"content":{"rendered":"<div data-elementor-type=\"wp-page\" data-elementor-id=\"1295\" class=\"elementor elementor-1295\" data-elementor-settings=\"[]\">\n\t\t\t\t\t\t\t<div class=\"elementor-section-wrap\">\n\t\t\t\t\t\t\t<section class=\"elementor-section elementor-top-section elementor-element elementor-element-923b2dc kobeldev elementor-section-boxed elementor-section-height-default elementor-section-height-default\" data-id=\"923b2dc\" data-element_type=\"section\" data-settings=\"{&quot;dotlife_ext_is_background_parallax&quot;:&quot;false&quot;}\">\n\t\t\t\t\t\t<div class=\"elementor-container elementor-column-gap-default\">\n\t\t\t\t\t<div class=\"elementor-column elementor-col-100 elementor-top-column elementor-element elementor-element-d3d1e4e\" data-id=\"d3d1e4e\" data-element_type=\"column\" data-settings=\"{&quot;dotlife_ext_link_sidemenu&quot;:&quot;false&quot;,&quot;dotlife_ext_is_scrollme&quot;:&quot;false&quot;,&quot;dotlife_ext_is_smoove&quot;:&quot;false&quot;,&quot;dotlife_ext_is_parallax_mouse&quot;:&quot;false&quot;,&quot;dotlife_ext_is_infinite&quot;:&quot;false&quot;,&quot;dotlife_ext_is_fadeout_animation&quot;:&quot;false&quot;}\">\n\t\t\t<div class=\"elementor-widget-wrap elementor-element-populated\">\n\t\t\t\t\t\t\t\t<div class=\"elementor-element elementor-element-6664164 elementor-widget elementor-widget-text-editor\" data-id=\"6664164\" data-element_type=\"widget\" data-settings=\"{&quot;dotlife_ext_link_sidemenu&quot;:&quot;false&quot;,&quot;dotlife_ext_is_scrollme&quot;:&quot;false&quot;,&quot;dotlife_ext_is_smoove&quot;:&quot;false&quot;,&quot;dotlife_ext_is_parallax_mouse&quot;:&quot;false&quot;,&quot;dotlife_ext_is_infinite&quot;:&quot;false&quot;,&quot;dotlife_ext_is_fadeout_animation&quot;:&quot;false&quot;}\" data-widget_type=\"text-editor.default\">\n\t\t\t\t<div class=\"elementor-widget-container\">\n\t\t\t\t\t\t\t<h1 class=\"program-heading\">Le Formation Lalibert\u00e9 en 4 semaines<\/h1>\n<div class=\"single_course_excerpt\">\n<h1 class=\"program-heading\" style=\"color: #ba3d0a;\">C'est un mode de vie<\/h1>\n<\/div>\t\t\t\t\t\t<\/div>\n\t\t\t\t<\/div>\n\t\t\t\t\t<\/div>\n\t\t<\/div>\n\t\t\t\t\t\t\t<\/div>\n\t\t<\/section>\n\t\t\t\t<section class=\"elementor-section elementor-top-section elementor-element elementor-element-a1a1eff elementor-section-content-middle elementor-section-stretched imagesiz elementor-section-boxed elementor-section-height-default elementor-section-height-default\" data-id=\"a1a1eff\" data-element_type=\"section\" data-settings=\"{&quot;stretch_section&quot;:&quot;section-stretched&quot;,&quot;background_background&quot;:&quot;classic&quot;,&quot;dotlife_ext_is_background_parallax&quot;:&quot;false&quot;}\">\n\t\t\t\t\t\t<div class=\"elementor-container elementor-column-gap-default\">\n\t\t\t\t\t<div class=\"elementor-column elementor-col-100 elementor-top-column elementor-element elementor-element-1cae10b\" data-id=\"1cae10b\" data-element_type=\"column\" data-settings=\"{&quot;dotlife_ext_link_sidemenu&quot;:&quot;false&quot;,&quot;dotlife_ext_is_scrollme&quot;:&quot;false&quot;,&quot;dotlife_ext_is_smoove&quot;:&quot;false&quot;,&quot;dotlife_ext_is_parallax_mouse&quot;:&quot;false&quot;,&quot;dotlife_ext_is_infinite&quot;:&quot;false&quot;,&quot;dotlife_ext_is_fadeout_animation&quot;:&quot;false&quot;}\">\n\t\t\t<div class=\"elementor-widget-wrap\">\n\t\t\t\t\t\t\t\t\t<\/div>\n\t\t<\/div>\n\t\t\t\t\t\t\t<\/div>\n\t\t<\/section>\n\t\t\t\t<section class=\"elementor-section elementor-top-section elementor-element elementor-element-338e6ad elementor-section-boxed elementor-section-height-default elementor-section-height-default\" data-id=\"338e6ad\" data-element_type=\"section\" data-settings=\"{&quot;dotlife_ext_is_background_parallax&quot;:&quot;false&quot;}\">\n\t\t\t\t\t\t<div class=\"elementor-container elementor-column-gap-default\">\n\t\t\t\t\t<div class=\"elementor-column elementor-col-100 elementor-top-column elementor-element elementor-element-8191c68\" data-id=\"8191c68\" data-element_type=\"column\" data-settings=\"{&quot;dotlife_ext_link_sidemenu&quot;:&quot;false&quot;,&quot;dotlife_ext_is_scrollme&quot;:&quot;false&quot;,&quot;dotlife_ext_is_smoove&quot;:&quot;false&quot;,&quot;dotlife_ext_is_parallax_mouse&quot;:&quot;false&quot;,&quot;dotlife_ext_is_infinite&quot;:&quot;false&quot;,&quot;dotlife_ext_is_fadeout_animation&quot;:&quot;false&quot;}\">\n\t\t\t<div class=\"elementor-widget-wrap elementor-element-populated\">\n\t\t\t\t\t\t\t\t<div class=\"elementor-element elementor-element-84bd966 elementor-widget elementor-widget-html\" data-id=\"84bd966\" data-element_type=\"widget\" data-settings=\"{&quot;dotlife_ext_link_sidemenu&quot;:&quot;false&quot;,&quot;dotlife_ext_is_scrollme&quot;:&quot;false&quot;,&quot;dotlife_ext_is_smoove&quot;:&quot;false&quot;,&quot;dotlife_ext_is_parallax_mouse&quot;:&quot;false&quot;,&quot;dotlife_ext_is_infinite&quot;:&quot;false&quot;,&quot;dotlife_ext_is_fadeout_animation&quot;:&quot;false&quot;}\" data-widget_type=\"html.default\">\n\t\t\t\t<div class=\"elementor-widget-container\">\n\t\t\t<div id=\"single_course_meta\" class=\"standard_wrapper\">\r\n\t<ul class=\"single_course_meta_data\">\r\n\t\t\t\t<li>\r\n\t\t\t<div class=\"single_course_meta_data_icon\">\r\n\t\t\t\t<span class=\"ti-alarm-clock\"><\/span>\r\n\t\t\t<\/div>\r\n\t\t\t<div class=\"single_course_meta_data_text\">\r\n\t\t\t\t<span class=\"single_course_meta_data_title\">\r\n\t\t\t\t\tDUR\u00c9E\t\t\t\t<\/span>\r\n\t\t\t\t\t\t\t\t<span class=\"single_course_meta_data_content\">\r\n\t\t\t\t\t6 semaines\t\t\t\t<\/span>\r\n\t\t\t<\/div>\r\n\t\t<\/li>\r\n\t\t\t\t\r\n\t\t<li class=\"single_course_meta_data_separator\"><\/li>\r\n\t\t\t\t<li>\r\n\t\t\t<div class=\"single_course_meta_data_icon\">\r\n\t\t\t\t<span class=\"ti-thumb-up\"><\/span>\r\n\t\t\t<\/div>\r\n\t\t\t<div class=\"single_course_meta_data_text\">\r\n\t\t\t\t<span class=\"single_course_meta_data_title\">\r\n\t\t\t\t\tNiveau de comp\u00e9tence\t\t\t\t<\/span>\r\n\t\t\t\t<span class=\"single_course_meta_data_content\">\r\n\t\t\t\t\tD\u00e9termin\u00e9 \u00e0 changer \t\t\t\t<\/span>\r\n\t\t\t<\/div>\r\n\t\t<\/li>\r\n\t\t\t\t\r\n\t\t<li class=\"single_course_meta_data_separator\"><\/li>\r\n\t\t\r\n\t\t\t\t<li>\r\n\t\t\t<div class=\"single_course_meta_data_icon\">\r\n\t\t\t\t<span class=\"ti-book\"><\/span>\r\n\t\t\t<\/div>\r\n\t\t\t<div class=\"single_course_meta_data_text\">\r\n\t\t\t\t<span class=\"single_course_meta_data_title\">\r\n\t\t\t\t\tFormation\t\t\t\t<\/span>\r\n\t\t\t\t<span class=\"single_course_meta_data_content\">\r\n\t\t\t\t\t15h     \t\t\t\t<\/span>\r\n\t\t\t<\/div>\r\n\t\t<\/li>\r\n\t\t\t\t<li class=\"single_course_meta_data_separator\"><\/li>\r\n\t\t\r\n\t\t\t\t<li>\r\n\t\t\t<div class=\"single_course_meta_data_icon\">\r\n\t\t\t\t<span class=\"ti-layout-media-center-alt\"><\/span>\r\n\t\t\t<\/div>\r\n\t\t\t<div class=\"single_course_meta_data_text\">\r\n\t\t\t\t<span class=\"single_course_meta_data_title\">\r\n\t\t\t\t\tCours format zoom\t\t\t\t<\/span>\r\n\t\t\t\t<span class=\"single_course_meta_data_content\">\r\n\t\t\t\t\tEn ligne\t<\/br>\t\t\t\t\tZoom\t\t\t\t<\/span>\r\n\t\t\t<\/div>\r\n\t\t<\/li>\r\n\t\t\t\t\r\n\t\t<li class=\"single_course_meta_data_separator\"><\/li>\r\n\t<\/ul>\r\n<\/div>\t\t<\/div>\n\t\t\t\t<\/div>\n\t\t\t\t\t<\/div>\n\t\t<\/div>\n\t\t\t\t\t\t\t<\/div>\n\t\t<\/section>\n\t\t\t\t<section class=\"elementor-section elementor-top-section elementor-element elementor-element-55a8a52 kobeldev elementor-section-boxed elementor-section-height-default elementor-section-height-default\" data-id=\"55a8a52\" data-element_type=\"section\" data-settings=\"{&quot;dotlife_ext_is_background_parallax&quot;:&quot;false&quot;}\">\n\t\t\t\t\t\t<div class=\"elementor-container elementor-column-gap-default\">\n\t\t\t\t\t<div class=\"elementor-column elementor-col-100 elementor-top-column elementor-element elementor-element-3f926bc\" data-id=\"3f926bc\" data-element_type=\"column\" data-settings=\"{&quot;dotlife_ext_link_sidemenu&quot;:&quot;false&quot;,&quot;dotlife_ext_is_scrollme&quot;:&quot;false&quot;,&quot;dotlife_ext_is_smoove&quot;:&quot;false&quot;,&quot;dotlife_ext_is_parallax_mouse&quot;:&quot;false&quot;,&quot;dotlife_ext_is_infinite&quot;:&quot;false&quot;,&quot;dotlife_ext_is_fadeout_animation&quot;:&quot;false&quot;}\">\n\t\t\t<div class=\"elementor-widget-wrap elementor-element-populated\">\n\t\t\t\t\t\t\t\t<div class=\"elementor-element elementor-element-5eec466 elementor-tabs-view-horizontal elementor-widget elementor-widget-tabs\" data-id=\"5eec466\" data-element_type=\"widget\" data-settings=\"{&quot;dotlife_ext_is_scrollme&quot;:&quot;false&quot;,&quot;dotlife_ext_is_smoove&quot;:&quot;false&quot;,&quot;dotlife_ext_is_parallax_mouse&quot;:&quot;false&quot;,&quot;dotlife_ext_is_infinite&quot;:&quot;false&quot;,&quot;dotlife_ext_is_fadeout_animation&quot;:&quot;false&quot;}\" data-widget_type=\"tabs.default\">\n\t\t\t\t<div class=\"elementor-widget-container\">\n\t\t\t\t\t<div class=\"elementor-tabs\">\n\t\t\t<div class=\"elementor-tabs-wrapper\" role=\"tablist\" >\n\t\t\t\t\t\t\t\t\t<div id=\"elementor-tab-title-9951\" class=\"elementor-tab-title elementor-tab-desktop-title\" aria-selected=\"true\" data-tab=\"1\" role=\"tab\" tabindex=\"0\" aria-controls=\"elementor-tab-content-9951\" aria-expanded=\"false\">Aper\u00e7u<\/div>\n\t\t\t\t\t\t\t\t\t<div id=\"elementor-tab-title-9952\" class=\"elementor-tab-title elementor-tab-desktop-title\" aria-selected=\"false\" data-tab=\"2\" role=\"tab\" tabindex=\"-1\" aria-controls=\"elementor-tab-content-9952\" aria-expanded=\"false\">CURRICULUM<\/div>\n\t\t\t\t\t\t\t\t\t<div id=\"elementor-tab-title-9953\" class=\"elementor-tab-title elementor-tab-desktop-title\" aria-selected=\"false\" data-tab=\"3\" role=\"tab\" tabindex=\"-1\" aria-controls=\"elementor-tab-content-9953\" aria-expanded=\"false\">TARIFS<\/div>\n\t\t\t\t\t\t\t<\/div>\n\t\t\t<div class=\"elementor-tabs-content-wrapper\" role=\"tablist\" aria-orientation=\"vertical\">\n\t\t\t\t\t\t\t\t\t<div class=\"elementor-tab-title elementor-tab-mobile-title\" aria-selected=\"true\" data-tab=\"1\" role=\"tab\" tabindex=\"0\" aria-controls=\"elementor-tab-content-9951\" aria-expanded=\"false\">Aper\u00e7u<\/div>\n\t\t\t\t\t<div id=\"elementor-tab-content-9951\" class=\"elementor-tab-content elementor-clearfix\" data-tab=\"1\" role=\"tabpanel\" aria-labelledby=\"elementor-tab-title-9951\" tabindex=\"0\" hidden=\"false\"><h3>\u00a0<\/h3><h1>Lib\u00e9rez le pouvoir de votre esprit<\/h1><h2>\u00a0<\/h2><h2>\u00a0<\/h2><h2>Engag\u00e9 \u00e0 changer notre monde<br \/>une personne \u00e0 la fois<\/h2><div>\u00a0<\/div><p class=\" translation-block\"><strong>L'investissement le plus important qu'une personne puisse faire avant d'entreprendre l\u2019un des projets de la vie est de loin le plus facile \u00e0 n\u00e9gliger. <\/strong>\nNous avons en nous un m\u00e9canisme qui g\u00e9n\u00e8re entre 40 et 60 pens\u00e9es par minute. La plupart de ces pens\u00e9es nous \u00e9chappent sans que nous en soyons conscients, mais elles peuvent, par leur nature, nous faire ou nous d\u00e9faire.  Vos pens\u00e9es sont-elles constructives ou ont-elles tendance \u00e0 \u00eatre destructrices ? R\u00e9alisez-vous que vous pouvez les contr\u00f4ler et les orienter vers le type de vie que vous d\u00e9sirez ?<\/p><p><em>Lib\u00e9rez le pouvoir de votre esprit<\/em> est une formation de 15 heures dans un cadre de type classe (virtuel) formel pendants 6 semaines (5 semaines de 3hr par semaine plus une semaine de practice) suivis par 12 r\u00e9unions mensuelles. (grandement recommand\u00e9). Les classes sont accompagn\u00e9es d'un manuel de formation de 150 pages contenant 5 chapitres scell\u00e9s - un par semaine, \u00e0 travers lesquels vous apprenez \u00e0 d\u00e9passer vos limites, atteindre vos objectifs et, par exemple, devenir une influence significative pour les autres.\n  Le programme vous montrera comment vous pouvez d\u00e9passer vos limites, atteindre vos buts et cr\u00e9er la vie dont vous r\u00eavez.<\/p><p>Le programme vous donne des techniques \u00e9prouv\u00e9es.  Vous apprendrez \u00e0 les utiliser dans votre vie quotidienne afin de transformer vos d\u00e9sirs en une nouvelle r\u00e9alit\u00e9. Il s\u2019agit d\u2019un enseignement magistral accompagn\u00e9 d\u2019\u00e9tudes et devoirs au quotidien pour un rendement optimal. \n \nCette formation requiert une ouverture d\u2019esprit, le d\u00e9sir et la volont\u00e9 d\u2019investir 45 a 60 min pour les le\u00e7ons et devoirs durant la dur\u00e9e de la formation puis seulement 20 min. d\u2019exercices par jour est n\u00e9cessaire par la suite.<\/p><p><strong>Rappelez-vous : Vous retirerez de ce programme, ce que vous y investirez.<\/strong> C'est un investissement dans votre avenir<\/p><\/div>\n\t\t\t\t\t\t\t\t\t<div class=\"elementor-tab-title elementor-tab-mobile-title\" aria-selected=\"false\" data-tab=\"2\" role=\"tab\" tabindex=\"-1\" aria-controls=\"elementor-tab-content-9952\" aria-expanded=\"false\">CURRICULUM<\/div>\n\t\t\t\t\t<div id=\"elementor-tab-content-9952\" class=\"elementor-tab-content elementor-clearfix\" data-tab=\"2\" role=\"tabpanel\" aria-labelledby=\"elementor-tab-title-9952\" tabindex=\"0\" hidden=\"hidden\"><h3>\u00a0<\/h3><h3><strong><u>Semaine 1 - 3h<\/u><\/strong><\/h3><h3>La pens\u00e9e, son influence et les lois qui la r\u00e9gissent<\/h3><p>Nous passons la plupart de notre temps \u00e0 r\u00e9agir \u00e0 ce qui nous entoure. Que ce soit au travail ou \u00e0 la maison, nous sommes inconsciemment influenc\u00e9s et trop souvent, de fa\u00e7on n\u00e9gative. Pourquoi?<\/p><h3>\u00a0<\/h3><h3><strong><u>Semaine 2- 3h<\/u>:\u00a0<\/strong><\/h3><h3>Le processus et la mise en place de la gestion des pens\u00e9es<\/h3><p>Nous voulons commencer \u00e0 changer notre fa\u00e7on de r\u00e9agir aux \u00e9v\u00e8nements, aux circonstances et \u00e0 ce qui nous arrive dans notre vie, nous verrons 2 nouvelles techniques stimulantes qui susciteront une compr\u00e9hension  imm\u00e9diate sur la fa\u00e7on dont notre attention a \u00e9t\u00e9 focalis\u00e9e et sur la mani\u00e8re dont elle a affect\u00e9e notre qualit\u00e9 de vie. Nous vous montrerons comment porter attention \u00e0 votre syst\u00e8me de guidage personnel.<\/p><h3>\u00a0<\/h3><h3><strong>Semaine 3 - 3h<\/strong><br \/>La cr\u00e9ativit\u00e9 en toute conscience<\/h3><p class=\" translation-block\">Une technique tr\u00e8s puissante de cr\u00e9ation vous sera pr\u00e9sent\u00e9e.  Elle vous donnera la possibilit\u00e9 de dessiner votre chemin de vie en toute conscience\net vous prouver hors de tout doute que vous avez une \u00e9norme responsabilit\u00e9 pour ce qui vous arrive dans votre vie.<\/p><h3>\u00a0<\/h3><h3><strong>Semaine 4 - 3h<\/strong><br \/>La n\u00e9cessit\u00e9 de faire dispara\u00eetre nos limitations<\/h3><p>Nous allons identifier les limites que nous nous imposons et r\u00e9aliseront que si nous regardons notre r\u00e9alit\u00e9 de diff\u00e9rents points de vue, notre interpr\u00e9tation de la r\u00e9alit\u00e9 tend \u00e0 changer. Aussi, nous mettrons l\u2019emphase sur l\u2019importance de faire de fa\u00e7on quotidienne, les exercices appris  durant la formation afin de nous procurer la qualit\u00e9 de vie dont nous souhaitons jouir.<\/p><p>Nous verrons comment acc\u00e9der \u00e0 92% de nos capacit\u00e9s que nous n'utilisons g\u00e9n\u00e9ralement pas et donnerons des exemples \u00e9tonnants de ce qui se passe lorsque nous apprenons comment<\/p><h3>\u00a0<\/h3><h3><strong>Semaine 5 - 3h<\/strong><br \/>L'importance de passer de la subjectivit\u00e9 \u00e0 l\u2019objectivit\u00e9<\/h3><p>R\u00e9vision des 4 semaines<\/p><p>Nous passerons en revue les techniques enseign\u00e9es et vous pr\u00e9senterons un outil formidable pour passer de la subjectivit\u00e9 \u00e0 l\u2019objectivit\u00e9 de son regard face \u00e0 une situation<\/p><h3>\u00a0<\/h3><h3><strong>Suivis mensuels<\/strong> (pour une p\u00e9riode de 12 mois)<\/h3><p class=\" translation-block\">Le premier ou le dernier lundi du mois, le premier lundi en fran\u00e7ais le dernier en anglais \u2013 Les r\u00f4les changent et nos dipl\u00f4m\u00e9s deviennent nos professeurs. Les \u00e9tudiants qui ont termin\u00e9 le formation rencontrent d'autres dipl\u00f4m\u00e9s, re\u00e7oivent un soutien suppl\u00e9mentaire, et apprendre de nouvelles techniques, et partagent leurs r\u00e9ussites<\/p><p>Ce sont des cours vraiment avanc\u00e9s o\u00f9 nous repoussons les limites et avan\u00e7ons en partageant avec d'autres dipl\u00f4m\u00e9s qui ont compl\u00e8tement d\u00e9pass\u00e9 leurs limites.<\/p><\/div>\n\t\t\t\t\t\t\t\t\t<div class=\"elementor-tab-title elementor-tab-mobile-title\" aria-selected=\"false\" data-tab=\"3\" role=\"tab\" tabindex=\"-1\" aria-controls=\"elementor-tab-content-9953\" aria-expanded=\"false\">TARIFS<\/div>\n\t\t\t\t\t<div id=\"elementor-tab-content-9953\" class=\"elementor-tab-content elementor-clearfix\" data-tab=\"3\" role=\"tabpanel\" aria-labelledby=\"elementor-tab-title-9953\" tabindex=\"0\" hidden=\"hidden\"><p><strong>1. Tarif par personne<\/strong><\/p><p><strong>$1,500*<\/strong><\/p><p><span style=\"text-decoration: underline;\"><strong>Inclut:\u00a0 <\/strong><\/span><\/p><p>Assistance t\u00e9l\u00e9phonique ou Zoom pendant les 6 premi\u00e8res semaines du programme et 12 groupes Zoom avanc\u00e9s une fois par mois au cours de l'ann\u00e9e o\u00f9 nous soutenons nos dipl\u00f4m\u00e9s, discutons des techniques et nous concentrons sur les r\u00e9sultats<\/p><p>Il faut un engagement \u00e9norme et pour r\u00e9ussir, la connaissance doit faire partie de vous. Alors reviens<\/p><p>Rappelez-vous que les r\u00e8gles sont simples et que votre vie et votre succ\u00e8s sont importants, c'est pour \u00e7a que je vous 'invite \u00e0 revenir pendant votre premi\u00e8re ann\u00e9e parce que je sais que si vous revenez, vous l'obtiendrez<\/p><p>Pendant la premi\u00e8re ann\u00e9e, de le refaire est gratuit Mais Il faut r\u00e9serverez votre place<\/p><p>Par ann\u00e9e on commence 5 classe Fran\u00e7ais et 5 classe anglais<\/p><p><strong>2. Tarif r\u00e9duit pour les couples<\/strong><br \/><strong>$2,500*\u00a0\u00a0\u00a0<\/strong><\/p><p><strong><span style=\"text-decoration: underline;\">Inclut:\u00a0\u00a0<\/span><\/strong><\/p><p>Assistance t\u00e9l\u00e9phonique ou Zoom pendant les 6 premi\u00e8res semaines du programme et 12 groupes Zoom avanc\u00e9s une fois par mois au cours de l'ann\u00e9e o\u00f9 nous soutenons nos dipl\u00f4m\u00e9s, discutons des techniques et nous concentrons sur les r\u00e9sultats<\/p><p>Il faut un engagement \u00e9norme et pour r\u00e9ussir, la connaissance doit faire partie de vous. Alors reviens<\/p><p>Rappelez-vous que les r\u00e8gles sont simples et que votre vie et votre succ\u00e8s sont importants, c'est pour \u00e7a que je vous 'invite \u00e0 revenir pendant votre premi\u00e8re ann\u00e9e parce que je sais que si vous revenez, vous l'obtiendrez<\/p><p>Pendant la premi\u00e8re ann\u00e9e, de le refaire est gratuit Mais Il faut r\u00e9serverez votre place<\/p><p>Par ann\u00e9e on commence 5 classe Fran\u00e7ais et 5 classe anglais<\/p><p><strong>3. Tarif r\u00e9duit pour les \u00e9l\u00e8ves qui d\u00e9sirent refaire la formation apr\u00e8s 1 an<\/strong><br \/><strong>$ 750.00*<\/strong><\/p><p><strong>*<\/strong>Pr\u00e9-requis : Assister de fa\u00e7on r\u00e9guli\u00e8re aux classes avanc\u00e9es mensuelles<\/p><p><strong>Supprimer  les croyances limitantes rapidement et d\u00e9finitivement\u00a0<\/strong> <strong><b>$150.00*<\/b><\/strong><\/p><p>pour un rendez-vous visitez https:\/\/calendly.com\/johnkobel\/45min<\/p><p><em><b>Cahier d'exercices\u00a0<\/b> $ 80.00*\u00a0\u2013(Graduates only)<\/em><\/p><p><b>Pour r\u00e9server<\/b> Pour votre r\u00e9servation Contacter nous  jkobel@laliberteen4semaines.com. ou avec WhatsApp Text 1+(514) 909-3222<\/p><p>\u00a0<\/p><p>\u00a0<\/p><\/div>\n\t\t\t\t\t\t\t<\/div>\n\t\t<\/div>\n\t\t\t\t<\/div>\n\t\t\t\t<\/div>\n\t\t\t\t\t<\/div>\n\t\t<\/div>\n\t\t\t\t\t\t\t<\/div>\n\t\t<\/section>\n\t\t\t\t<section class=\"elementor-section elementor-top-section elementor-element elementor-element-05ff4d3 elementor-section-boxed elementor-section-height-default elementor-section-height-default\" data-id=\"05ff4d3\" data-element_type=\"section\" data-settings=\"{&quot;dotlife_ext_is_background_parallax&quot;:&quot;false&quot;}\">\n\t\t\t\t\t\t<div class=\"elementor-container elementor-column-gap-default\">\n\t\t\t\t\t<div class=\"elementor-column elementor-col-50 elementor-top-column elementor-element elementor-element-6c05325\" data-id=\"6c05325\" data-element_type=\"column\" data-settings=\"{&quot;dotlife_ext_link_sidemenu&quot;:&quot;false&quot;,&quot;dotlife_ext_is_scrollme&quot;:&quot;false&quot;,&quot;dotlife_ext_is_smoove&quot;:&quot;false&quot;,&quot;dotlife_ext_is_parallax_mouse&quot;:&quot;false&quot;,&quot;dotlife_ext_is_infinite&quot;:&quot;false&quot;,&quot;dotlife_ext_is_fadeout_animation&quot;:&quot;false&quot;}\">\n\t\t\t<div class=\"elementor-widget-wrap elementor-element-populated\">\n\t\t\t\t\t\t\t\t<div class=\"elementor-element elementor-element-4b884ef elementor-align-left elementor-widget elementor-widget-button\" data-id=\"4b884ef\" data-element_type=\"widget\" data-settings=\"{&quot;dotlife_ext_link_sidemenu&quot;:&quot;false&quot;,&quot;dotlife_ext_is_scrollme&quot;:&quot;false&quot;,&quot;dotlife_ext_is_smoove&quot;:&quot;false&quot;,&quot;dotlife_ext_is_parallax_mouse&quot;:&quot;false&quot;,&quot;dotlife_ext_is_infinite&quot;:&quot;false&quot;,&quot;dotlife_ext_is_fadeout_animation&quot;:&quot;false&quot;}\" data-widget_type=\"button.default\">\n\t\t\t\t<div class=\"elementor-widget-container\">\n\t\t\t\t\t<div class=\"elementor-button-wrapper\">\n\t\t\t<a href=\"https:\/\/4weekstofreedom.com\/contact\/\" class=\"elementor-button-link elementor-button elementor-size-sm\" role=\"button\">\n\t\t\t\t\t\t<span class=\"elementor-button-content-wrapper\">\n\t\t\t\t\t\t<span class=\"elementor-button-text\">CONTACTEZ MOI<\/span>\n\t\t<\/span>\n\t\t\t\t\t<\/a>\n\t\t<\/div>\n\t\t\t\t<\/div>\n\t\t\t\t<\/div>\n\t\t\t\t<div class=\"elementor-element elementor-element-718d452 elementor-widget elementor-widget-html\" data-id=\"718d452\" data-element_type=\"widget\" data-settings=\"{&quot;dotlife_ext_link_sidemenu&quot;:&quot;false&quot;,&quot;dotlife_ext_is_scrollme&quot;:&quot;false&quot;,&quot;dotlife_ext_is_smoove&quot;:&quot;false&quot;,&quot;dotlife_ext_is_parallax_mouse&quot;:&quot;false&quot;,&quot;dotlife_ext_is_infinite&quot;:&quot;false&quot;,&quot;dotlife_ext_is_fadeout_animation&quot;:&quot;false&quot;}\" data-widget_type=\"html.default\">\n\t\t\t\t<div class=\"elementor-widget-container\">\n\t\t\t<form action=\"https:\/\/www.paypal.com\/cgi-bin\/webscr\" method=\"post\" target=\"_top\" data-trp-original-action=\"https:\/\/www.paypal.com\/cgi-bin\/webscr\">\n   \n  <input type=\"hidden\" name=\"cmd\" value=\"_s-xclick\" \/>\n  <input type=\"hidden\" name=\"hosted_button_id\" value=\"X7DYVKJS8PWJQ\" \/>\n \n  <table>\n    <tr>\n       <td>\n          \n        <input type=\"hidden\" name=\"on0\" value=\"Options\"\/>\n        Pour voir les options et pour vous inscrire au programme\n      <\/td>\n    <\/tr>\n    <tr>\n      <td>\n        <select name=\"os0\">\n          <option value=\"Limiting Beliefs \/ Croyances Limitantes\">\n            Limiting Beliefs \/ Croyances Limitantes US$150.00\n          <\/option>\n          <option value=\"5 WK\/5SM 1 person(ne)\">\n            5 WK\/5SM 1 person(ne) US$1,500.00\n          <\/option>\n          <option value=\"5 WK\/SM Couples\">\n            5 WK\/SM Couples US$2,500.00\n          <\/option>\n          <option value=\"repeat after 1 year per person  \/ refaire apr\u00e8s 1 an par personne\">\n            repeat after 1 year per person  \/ refaire apr\u00e8s 1 an par personne US$750.00\n          <\/option>\n        <\/select>\n      <\/td>\n    <\/tr>\n  <\/table>\n  <div style=\"text-align:center\">\n      <input type=\"hidden\" name=\"currency_code\" value=\"USD\" \/>\n  <input type=\"image\" ight=\"800\" src=\"https:\/\/www.paypalobjects.com\/en_US\/i\/btn\/btn_buynowCC_LG.gif\" \/>\n  <\/div>\n<input type=\"hidden\" name=\"trp-form-language\" value=\"fr\"\/><\/form>\n\t\t<\/div>\n\t\t\t\t<\/div>\n\t\t\t\t\t<\/div>\n\t\t<\/div>\n\t\t\t\t<div class=\"elementor-column elementor-col-50 elementor-top-column elementor-element elementor-element-b78d7fb\" data-id=\"b78d7fb\" data-element_type=\"column\" data-settings=\"{&quot;dotlife_ext_link_sidemenu&quot;:&quot;false&quot;,&quot;dotlife_ext_is_scrollme&quot;:&quot;false&quot;,&quot;dotlife_ext_is_smoove&quot;:&quot;false&quot;,&quot;dotlife_ext_is_parallax_mouse&quot;:&quot;false&quot;,&quot;dotlife_ext_is_infinite&quot;:&quot;false&quot;,&quot;dotlife_ext_is_fadeout_animation&quot;:&quot;false&quot;}\">\n\t\t\t<div class=\"elementor-widget-wrap elementor-element-populated\">\n\t\t\t\t\t\t\t\t<div class=\"elementor-element elementor-element-f6dfc63 elementor-widget elementor-widget-text-editor\" data-id=\"f6dfc63\" data-element_type=\"widget\" data-settings=\"{&quot;dotlife_ext_link_sidemenu&quot;:&quot;false&quot;,&quot;dotlife_ext_is_scrollme&quot;:&quot;false&quot;,&quot;dotlife_ext_is_smoove&quot;:&quot;false&quot;,&quot;dotlife_ext_is_parallax_mouse&quot;:&quot;false&quot;,&quot;dotlife_ext_is_infinite&quot;:&quot;false&quot;,&quot;dotlife_ext_is_fadeout_animation&quot;:&quot;false&quot;}\" data-widget_type=\"text-editor.default\">\n\t\t\t\t<div class=\"elementor-widget-container\">\n\t\t\t\t\t\t\t\t\t\t\t\t\t<\/div>\n\t\t\t\t<\/div>\n\t\t\t\t\t<\/div>\n\t\t<\/div>\n\t\t\t\t\t\t\t<\/div>\n\t\t<\/section>\n\t\t\t\t\t\t<\/div>\n\t\t\t\t\t<\/div>","protected":false},"excerpt":{"rendered":"<p>4-Weeks to Freedom Program It\u2019s a way of life. Duration 4&nbsp;weeks Skill Level Beginner Lectures 15 hours Format Onsite Zoom [&hellip;]<\/p>","protected":false},"author":2,"featured_media":0,"parent":0,"menu_order":0,"comment_status":"closed","ping_status":"closed","template":"elementor_header_footer","meta":{"footnotes":""},"class_list":["post-1295","page","type-page","status-publish","hentry"],"_links":{"self":[{"href":"https:\/\/4weekstofreedom.com\/fr\/wp-json\/wp\/v2\/pages\/1295","targetHints":{"allow":["GET"]}}],"collection":[{"href":"https:\/\/4weekstofreedom.com\/fr\/wp-json\/wp\/v2\/pages"}],"about":[{"href":"https:\/\/4weekstofreedom.com\/fr\/wp-json\/wp\/v2\/types\/page"}],"author":[{"embeddable":true,"href":"https:\/\/4weekstofreedom.com\/fr\/wp-json\/wp\/v2\/users\/2"}],"replies":[{"embeddable":true,"href":"https:\/\/4weekstofreedom.com\/fr\/wp-json\/wp\/v2\/comments?post=1295"}],"version-history":[{"count":690,"href":"https:\/\/4weekstofreedom.com\/fr\/wp-json\/wp\/v2\/pages\/1295\/revisions"}],"predecessor-version":[{"id":4339,"href":"https:\/\/4weekstofreedom.com\/fr\/wp-json\/wp\/v2\/pages\/1295\/revisions\/4339"}],"wp:attachment":[{"href":"https:\/\/4weekstofreedom.com\/fr\/wp-json\/wp\/v2\/media?parent=1295"}],"curies":[{"name":"wp","href":"https:\/\/api.w.org\/{rel}","templated":true}]}}